  

  
  {"id":600,"date":"2022-02-02T10:15:51","date_gmt":"2022-02-02T10:15:51","guid":{"rendered":"http:\/\/ourinclusiveschools.eu\/?page_id=600"},"modified":"2022-10-20T08:16:33","modified_gmt":"2022-10-20T08:16:33","slug":"webinar-1","status":"publish","type":"page","link":"http:\/\/ourinclusiveschools.eu\/index.php\/webinar-1\/","title":{"rendered":"Webinar: Caminos para una educacion inclusiva en una sociedad TIC y TAC"},"content":{"rendered":"<div class=\"su-tabs su-tabs-style-default su-tabs-mobile-stack\" data-active=\"1\" data-scroll-offset=\"0\" data-anchor-in-url=\"no\"><div class=\"su-tabs-nav\"><span class=\"\" data-url=\"\" data-target=\"blank\" tabindex=\"0\" role=\"button\">Information<\/span><span class=\"\" data-url=\"\" data-target=\"blank\" tabindex=\"0\" role=\"button\">Register!<\/span><span class=\"\" data-url=\"\" data-target=\"blank\" tabindex=\"0\" role=\"button\">Location<\/span><span class=\"\" data-url=\"\" data-target=\"blank\" tabindex=\"0\" role=\"button\">Schedule<\/span><span class=\"\" data-url=\"\" data-target=\"blank\" tabindex=\"0\" role=\"button\">Contact<\/span><span class=\"\" data-url=\"\" data-target=\"blank\" tabindex=\"0\" role=\"button\">Photos<\/span><\/div><div class=\"su-tabs-panes\"><div class=\"su-tabs-pane su-u-clearfix su-u-trim\" data-title=\"Information\">Desde hace varias d\u00e9cadas, nos hemos enfrentado cada vez m\u00e1s a la cuesti\u00f3n de c\u00f3mo facilitar la participaci\u00f3n de todo el alumnado en el aula. Esta cuesti\u00f3n ha tomado un giro inesperado con la experiencia de COVID 2020. En pocos d\u00edas, las escuelas tuvieron que dar respuesta educativa en l\u00ednea y familias y alumnado ten\u00edan que participar. Los y las docentes desempe\u00f1aron un papel fundamental en la inclusi\u00f3n de ni\u00f1os, ni\u00f1as  j\u00f3venes y  familias de distintos contextos y con diferentes recursos.<br \/>\nDe acuerdo con la intenci\u00f3n de PIECIT, hemos estado trabajando en torno a la creaci\u00f3n de una plataforma que da cuenta de las pr\u00e1cticas de educaci\u00f3n inclusiva desarrolladas en las escuelas con las tecnolog\u00edas de la informaci\u00f3n y la comunicaci\u00f3n al alcance. En este webinar queremos discutir qu\u00e9 se entiende por educaci\u00f3n inclusiva y creativa con tecnolog\u00edas digitales. Es un seminario para la reflexi\u00f3n, para evidenciar el reconocimiento y el valor de lo que ya hacemos, y la reconstrucci\u00f3n de nuestras pr\u00e1cticas en la escuela. Nos centraremos en el di\u00e1logo con investigadores y profesionales que trabajan en el \u00e1mbito de la educaci\u00f3n inclusiva y las tecnolog\u00edas. Nos centraremos en los retos, el sentido y las posibilidades de trabajar de forma inclusiva con las tecnolog\u00edas al alcance, pero tambi\u00e9n presentaremos distintos ejemplos para compartir las estrategias pedag\u00f3gicas desarrolladas desde una perspectiva inclusiva y creativa con tecnolog\u00edas digitales.<br \/>\n<\/div>\n<div class=\"su-tabs-pane su-u-clearfix su-u-trim\" data-title=\"Register!\">El registro ha finalizado. Puede ver el webinar en el siguiente link:<br \/>\n<iframe loading=\"lazy\" title=\"Caminos para una educaci\u00f3n inclusiva en una sociedad de TIC y TAC\" width=\"800\" height=\"450\" src=\"https:\/\/www.youtube.com\/embed\/NIGxpELHFIQ?start=4248&#038;feature=oembed\" frameborder=\"0\" allow=\"accelerometer; autoplay; clipboard-write; encrypted-media; gyroscope; picture-in-picture\" allowfullscreen><\/iframe><br \/>\n<\/div>\n<div class=\"su-tabs-pane su-u-clearfix su-u-trim\" data-title=\"Location\">Espa\u00f1a<\/div>\n<div class=\"su-tabs-pane su-u-clearfix su-u-trim\" data-title=\"Schedule\">Respondiendo a las siguientes preguntas:<br \/>\n\u2022 \u00bfQu\u00e9 se entiende por educaci\u00f3n inclusiva?<br \/>\n\u2022 \u00bfCu\u00e1l es la mejor manera de dise\u00f1ar las pr\u00e1cticas educativas para satisfacer las necesidades de todo el alumnado con las tecnolog\u00edas al alcance?<br \/>\n\u2022 \u00bfC\u00f3mo tenemos en cuenta como profesionales las experiencias y recursos de nuestro alumnado?<\/p>\n<p>Coordina: Bego\u00f1a Vigo Arrazola<\/p>\n<p>\u2022\tSobre Educaci\u00f3n Inclusiva<br \/>\nDolores Forteza Forteza. Profesora Titular de la Universidad de Islas Baleares<\/p>\n<p>\u2022\tSobre Educaci\u00f3n Inclusiva, TIC y TAC.<br \/>\nJuana Mar\u00eda Sancho Gil. Profesora Catedr\u00e1tica Em\u00e9rita de la Universidad de Barcelona<\/p>\n<p>\u2022\tUn ejemplo desde la radio<br \/>\nAmaya Pola Sanz. Directora del CEIP Santa Engracia.<br \/>\nCristina Vilas Garc\u00eda. Maestra de Educaci\u00f3n Infantil y Primaria. CEIP Santa Engracia. Zaragoza<\/p>\n<p>\u2022\tUn ejemplo desde el \u2018texto libre\u2019.<br \/>\nRosa Villafranca Ram\u00f3n. Maestra de Educaci\u00f3n Primaria. CEIP P\u00edo XII. Huesca<br \/>\nNathalie Clavero Pag\u00e9s. Maestra de Educaci\u00f3n Primaria. Huesca<br \/>\n<\/div>\n<div class=\"su-tabs-pane su-u-clearfix su-u-trim\" data-title=\"Contact\">Send an email to: mbvigo@unizar.es\/ or martincrespoandres@campusiberus.es<\/div>\n<div class=\"su-tabs-pane su-u-clearfix su-u-trim\" data-title=\"Photos\">\n<center><br \/>\n<img decoding=\"async\" src=\"http:\/\/ourinclusiveschools.eu\/wp-content\/plugins\/mike_plugin\/uploads\/webinar1.png\"><br \/>\n<\/center><\/p>\n<\/div><\/div><\/div>\n","protected":false},"excerpt":{"rendered":"","protected":false},"author":1,"featured_media":0,"parent":0,"menu_order":0,"comment_status":"closed","ping_status":"closed","template":"","meta":{"_mi_skip_tracking":false},"_links":{"self":[{"href":"http:\/\/ourinclusiveschools.eu\/index.php\/wp-json\/wp\/v2\/pages\/600"}],"collection":[{"href":"http:\/\/ourinclusiveschools.eu\/index.php\/wp-json\/wp\/v2\/pages"}],"about":[{"href":"http:\/\/ourinclusiveschools.eu\/index.php\/wp-json\/wp\/v2\/types\/page"}],"author":[{"embeddable":true,"href":"http:\/\/ourinclusiveschools.eu\/index.php\/wp-json\/wp\/v2\/users\/1"}],"replies":[{"embeddable":true,"href":"http:\/\/ourinclusiveschools.eu\/index.php\/wp-json\/wp\/v2\/comments?post=600"}],"version-history":[{"count":13,"href":"http:\/\/ourinclusiveschools.eu\/index.php\/wp-json\/wp\/v2\/pages\/600\/revisions"}],"predecessor-version":[{"id":976,"href":"http:\/\/ourinclusiveschools.eu\/index.php\/wp-json\/wp\/v2\/pages\/600\/revisions\/976"}],"wp:attachment":[{"href":"http:\/\/ourinclusiveschools.eu\/index.php\/wp-json\/wp\/v2\/media?parent=600"}],"curies":[{"name":"wp","href":"https:\/\/api.w.org\/{rel}","templated":true}]}}