  

  
  {"id":642,"date":"2022-02-10T12:41:31","date_gmt":"2022-02-10T12:41:31","guid":{"rendered":"http:\/\/ourinclusiveschools.eu\/?page_id=642"},"modified":"2023-02-08T08:28:03","modified_gmt":"2023-02-08T08:28:03","slug":"webinar-4","status":"publish","type":"page","link":"http:\/\/ourinclusiveschools.eu\/index.php\/webinar-4\/","title":{"rendered":"Oprtunidades movilidad Erasmus para escuelas"},"content":{"rendered":"<div class=\"su-tabs su-tabs-style-default su-tabs-mobile-stack\" data-active=\"1\" data-scroll-offset=\"0\" data-anchor-in-url=\"no\"><div class=\"su-tabs-nav\"><span class=\"\" data-url=\"\" data-target=\"blank\" tabindex=\"0\" role=\"button\">Information<\/span><span class=\"\" data-url=\"\" data-target=\"blank\" tabindex=\"0\" role=\"button\">Location<\/span><span class=\"\" data-url=\"\" data-target=\"blank\" tabindex=\"0\" role=\"button\">Schedule<\/span><span class=\"\" data-url=\"\" data-target=\"blank\" tabindex=\"0\" role=\"button\">Video<\/span><\/div><div class=\"su-tabs-panes\"><div class=\"su-tabs-pane su-u-clearfix su-u-trim\" data-title=\"Information\">Desde el proyecto PIECIT (http:\/\/ourinclusiveschools.eu\/) nos gustar\u00eda invitaros a una sesi\u00f3n informativa sobre las oportunidades que ofrece el programa Erasmus en Educaci\u00f3n Escolar que tendr\u00e1 lugar el pr\u00f3ximo jueves 26 de enero a las 15:00.<br \/>\nEl objetivo es explicar de una manera pr\u00e1ctica y sencilla las diferentes oportunidades de movilidad que ofrece el programa (tanto a estudiantes como a personal de los centros educativos) y c\u00f3mo aprovechar nuestra plataforma para identificar escuelas en otros pa\u00edses donde realizar esos intercambios.<\/div>\n<div class=\"su-tabs-pane su-u-clearfix su-u-trim\" data-title=\"Location\">Online<\/div>\n<div class=\"su-tabs-pane su-u-clearfix su-u-trim\" data-title=\"Schedule\"> 26 de enero a las 15:00.<br \/>\nEl taller tendr\u00e1 una duraci\u00f3n prevista de 30 minutos. Y despu\u00e9s tendremos algo de tiempo para preguntas. El plazo para presentar propuestas Erasmus de este a\u00f1o cierra el 23 de febrero y con este taller conocer\u00e1s los pasos que debes seguir para que tu escuela no se quede fuera.<\/div>\n<div class=\"su-tabs-pane su-u-clearfix su-u-trim\" data-title=\"Video\"> <center><iframe loading=\"lazy\" width=\"560\" height=\"315\" src=\"https:\/\/www.youtube.com\/embed\/r8-x9lEAees\" title=\"YouTube video player\" frameborder=\"0\" allow=\"accelerometer; autoplay; clipboard-write; encrypted-media; gyroscope; picture-in-picture; web-share\" allowfullscreen=\"\"><\/iframe><\/center><\/div><\/div><\/div>\n","protected":false},"excerpt":{"rendered":"","protected":false},"author":1,"featured_media":0,"parent":0,"menu_order":0,"comment_status":"closed","ping_status":"closed","template":"","meta":{"_mi_skip_tracking":false},"_links":{"self":[{"href":"http:\/\/ourinclusiveschools.eu\/index.php\/wp-json\/wp\/v2\/pages\/642"}],"collection":[{"href":"http:\/\/ourinclusiveschools.eu\/index.php\/wp-json\/wp\/v2\/pages"}],"about":[{"href":"http:\/\/ourinclusiveschools.eu\/index.php\/wp-json\/wp\/v2\/types\/page"}],"author":[{"embeddable":true,"href":"http:\/\/ourinclusiveschools.eu\/index.php\/wp-json\/wp\/v2\/users\/1"}],"replies":[{"embeddable":true,"href":"http:\/\/ourinclusiveschools.eu\/index.php\/wp-json\/wp\/v2\/comments?post=642"}],"version-history":[{"count":12,"href":"http:\/\/ourinclusiveschools.eu\/index.php\/wp-json\/wp\/v2\/pages\/642\/revisions"}],"predecessor-version":[{"id":1062,"href":"http:\/\/ourinclusiveschools.eu\/index.php\/wp-json\/wp\/v2\/pages\/642\/revisions\/1062"}],"wp:attachment":[{"href":"http:\/\/ourinclusiveschools.eu\/index.php\/wp-json\/wp\/v2\/media?parent=642"}],"curies":[{"name":"wp","href":"https:\/\/api.w.org\/{rel}","templated":true}]}}